{"id":845,"date":"2025-01-07T22:54:56","date_gmt":"2025-01-07T22:54:56","guid":{"rendered":"https:\/\/shop.live-tuning.com\/?product=hr-gewindefedern-va-10-30-ha-10-30-mm-2"},"modified":"2025-02-04T19:34:30","modified_gmt":"2025-02-04T19:34:30","slug":"hr-gewindefedern-va-10-30-ha-10-30-mm-2","status":"publish","type":"product","link":"https:\/\/shop.live-tuning.com\/?product=hr-gewindefedern-va-10-30-ha-10-30-mm-2","title":{"rendered":"Damos Downlaod"},"content":{"rendered":"<h3>H&amp;R Gewindefedern<br \/>\nH&amp;R H\u00f6henverstellbare Federnsysteme f\u00fcr Seriend\u00e4mpfer mit und ohne elektrischer Verstellung H&amp;R Gewindefedern verbinden die serienm\u00e4\u00dfigen Schwingungsd\u00e4mpfer mit einer stufenlos einstellbaren Tieferlegung. Die elektrische Verstellung von adaptiven D\u00e4mpfern bleibt uneingeschr\u00e4nkt erhalten und erm\u00f6glicht weiterhin die Wahl zwischen einer kompfortablen oder sportlichen Fahrwerksabstimmung. Produktvorteile:<br \/>\nSportliche Optik und Performance<br \/>\nStufenlose Absenkung des Fahrzeugschwerpunkts im gepr\u00fcften Bereich.<br \/>\nF\u00fcr Seriend\u00e4mpfer mit und ohne elektrischer Verstellung<br \/>\nVoll funktionsf\u00e4hige serienm\u00e4\u00dfige H\u00e4rtverstellung der D\u00e4mpfer bleibt erhalten<br \/>\nOptimierte Fahrdynamik<br \/>\nMit Teilegutachten<br \/>\nKeine Anpassung der serienm\u00e4\u00dfigen Elektronik erforderlich.<br \/>\nEigene Entwicklung und Produktion in Deutschland<\/h3>\n<p>23018-5<\/p>\n<h4>Audi S3 Schr\u00e4gheck + Lim. + Sportback + Cabrio Quattro inkl. Facelift 2017 (Typ 8V, ab 13) inkl. adaptive D\u00e4mpfung\/MRC (Magnetic Ride Control)<\/h4>\n","protected":false},"excerpt":{"rendered":"<ul>\n<li>400.OLS Files<\/li>\n<\/ul>\n","protected":false},"featured_media":905,"template":"","meta":[],"product_brand":[],"product_cat":[23],"product_tag":[],"class_list":{"0":"post-845","1":"product","2":"type-product","3":"status-publish","4":"has-post-thumbnail","6":"product_cat-gewindefedern-hoehenverstellbare-federn","8":"first","9":"instock","10":"sale","11":"downloadable","12":"virtual","13":"purchasable","14":"product-type-simple"},"jetpack_sharing_enabled":true,"_links":{"self":[{"href":"https:\/\/shop.live-tuning.com\/index.php?rest_route=\/wp\/v2\/product\/845","targetHints":{"allow":["GET"]}}],"collection":[{"href":"https:\/\/shop.live-tuning.com\/index.php?rest_route=\/wp\/v2\/product"}],"about":[{"href":"https:\/\/shop.live-tuning.com\/index.php?rest_route=\/wp\/v2\/types\/product"}],"wp:featuredmedia":[{"embeddable":true,"href":"https:\/\/shop.live-tuning.com\/index.php?rest_route=\/wp\/v2\/media\/905"}],"wp:attachment":[{"href":"https:\/\/shop.live-tuning.com\/index.php?rest_route=%2Fwp%2Fv2%2Fmedia&parent=845"}],"wp:term":[{"taxonomy":"product_brand","embeddable":true,"href":"https:\/\/shop.live-tuning.com\/index.php?rest_route=%2Fwp%2Fv2%2Fproduct_brand&post=845"},{"taxonomy":"product_cat","embeddable":true,"href":"https:\/\/shop.live-tuning.com\/index.php?rest_route=%2Fwp%2Fv2%2Fproduct_cat&post=845"},{"taxonomy":"product_tag","embeddable":true,"href":"https:\/\/shop.live-tuning.com\/index.php?rest_route=%2Fwp%2Fv2%2Fproduct_tag&post=845"}],"curies":[{"name":"wp","href":"https:\/\/api.w.org\/{rel}","templated":true}]}}